{"id":25433,"date":"2020-06-23T13:56:47","date_gmt":"2020-06-23T13:56:47","guid":{"rendered":"https:\/\/workmotions.com\/?page_id=25433"},"modified":"2020-06-23T13:56:47","modified_gmt":"2020-06-23T13:56:47","slug":"support-faq","status":"publish","type":"page","link":"https:\/\/workmotions.com\/en\/support-faq\/","title":{"rendered":"Support &#8211; FAQ"},"content":{"rendered":"<div class=\"wpb-content-wrapper\"><p>[vc_row full_width=&#8221;stretch_row&#8221; css=&#8221;.vc_custom_1591081556183{background-color: #ffffff !important;}&#8221; el_class=&#8221;pjustify&#8221;][vc_column css_animation=&#8221;bottom-to-top&#8221;][vc_column_text css_animation=&#8221;none&#8221;]<\/p>\n<h1 class=\"entry-title\">Support &#8211; FAQ<\/h1>\n<p>[\/vc_column_text][vc_row_inner][vc_column_inner width=&#8221;1\/3&#8243;]<div class=\" gem-icon-with-title  gem-icon-with-title-icon-size-large\" ><div class=\"gem-icon-with-title-icon\"><div class=\"gem-icon gem-icon-pack-material gem-icon-size-large  gem-icon-shape-square gem-simple-icon\"  style=\"opacity: 1;\"><div class=\"gem-icon-inner\" style=\"\"><span class=\"gem-icon-half-1\" style=\"color: #eb5b27;\"><span class=\"back-angle\">&#xf102;<\/span><\/span><span class=\"gem-icon-half-2\" style=\"color: #eb5b27;\"><span class=\"back-angle\">&#xf102;<\/span><\/span><\/div><\/div><\/div><div class=\"gem-iconed-title\"><h5 style=\"color: #eb5b27;\">TEKNISK SUPPORT?<\/h5><\/div><\/div>[vc_column_text]Beh\u00f6ver du teknisk support f\u00f6r n\u00e5gon av v\u00e5ra produkter? Ring v\u00e5rt supportnummer\u00a0<a href=\"tel:+46705-11 93 43\">0705-11 93 43<\/a> s\u00e5 hj\u00e4lper vi dig![\/vc_column_text][\/vc_column_inner][vc_column_inner width=&#8221;1\/3&#8243;]<div class=\" gem-icon-with-title  gem-icon-with-title-icon-size-large\" ><div class=\"gem-icon-with-title-icon\"><div class=\"gem-icon gem-icon-pack-material gem-icon-size-large  gem-icon-shape-square gem-simple-icon\"  style=\"opacity: 1;\"><div class=\"gem-icon-inner\" style=\"\"><span class=\"gem-icon-half-1\" style=\"color: #eb5b27;\"><span class=\"back-angle\">&#xf45b;<\/span><\/span><span class=\"gem-icon-half-2\" style=\"color: #eb5b27;\"><span class=\"back-angle\">&#xf45b;<\/span><\/span><\/div><\/div><\/div><div class=\"gem-iconed-title\"><h5 style=\"color: #eb5b27;\">PRIS\/LEVERANS?<\/h5><\/div><\/div>[vc_column_text]Undrar du \u00f6ver n\u00e5got om v\u00e5ra priser, \u00e5terf\u00f6rs\u00e4ljare, leveranstider eller liknande? Ring v\u00e5r s\u00e4ljavdelning p\u00e5 <a href=\"tel:+46705-11 93 43\">0705-11 93 43<\/a> s\u00e5 hj\u00e4lper vi dig![\/vc_column_text][\/vc_column_inner][vc_column_inner width=&#8221;1\/3&#8243;]<div class=\" gem-icon-with-title  gem-icon-with-title-icon-size-large\" ><div class=\"gem-icon-with-title-icon\"><div class=\"gem-icon gem-icon-pack-material gem-icon-size-large  gem-icon-shape-square gem-simple-icon\"  style=\"opacity: 1;\"><div class=\"gem-icon-inner\" style=\"\"><span class=\"gem-icon-half-1\" style=\"color: #eb5b27;\"><span class=\"back-angle\">&#xf5d8;<\/span><\/span><span class=\"gem-icon-half-2\" style=\"color: #eb5b27;\"><span class=\"back-angle\">&#xf5d8;<\/span><\/span><\/div><\/div><\/div><div class=\"gem-iconed-title\"><h5 style=\"color: #eb5b27;\">S\u00d6K SVARET<\/h5><\/div><\/div>[vc_column_text]S\u00f6k svaret sj\u00e4lv nedan bland vanliga fr\u00e5gor och svar.[\/vc_column_text][\/vc_column_inner][\/vc_row_inner][\/vc_column][\/vc_row][vc_row css=&#8221;.vc_custom_1591084028021{padding-bottom: 50px !important;}&#8221;][vc_column][vc_tta_accordion][vc_tta_section title=&#8221;Vilka \u00e5terf\u00f6rs\u00e4ljare har ni?&#8221; tab_id=&#8221;1591083911670-e8b6f49f-bc60&#8243;][vc_column_text]WorkMotions\u00a0produkter s\u00e4ljs via \u00e5terf\u00f6rs\u00e4ljare av kontorsm\u00f6bler och ergonomiprodukter. Fr\u00e5ga din \u00e5terf\u00f6rs\u00e4ljare eller be dem kontakta oss.[\/vc_column_text][\/vc_tta_section][vc_tta_section title=&#8221;Kan jag f\u00e5 DynaDeskl\u00f6sningen i mitt eget skrivbord?&#8221; tab_id=&#8221;1591083911687-a3b655f1-bf5f&#8221;][vc_column_text]Ja, i de allra flesta fall. Om det bara finns tillr\u00e4ckligt med plats g\u00e5r det att montera DynaDeskl\u00f6sningen i ett befintligt skrivbord. Vi tycker givetvis att du ska \u00f6verv\u00e4ga att v\u00e4lja n\u00e5got av v\u00e5ra v\u00e4ldesignade modeller men om du har ett riktigt favoritbord s\u00e5 kontakta oss s\u00e5 f\u00f6rs\u00f6ker vi l\u00f6sa det p\u00e5 b\u00e4sta s\u00e4tt.[\/vc_column_text][\/vc_tta_section][vc_tta_section title=&#8221;Var tillverkas DynaDesk?&#8221; tab_id=&#8221;1591083988865-ed9100cb-1620&#8243;][vc_column_text]Alla v\u00e5ra bord tillverkas i Sverige av utvalda producenter som uppfyller v\u00e5ra krav p\u00e5 milj\u00f6omsorg och kvalitet.[\/vc_column_text][\/vc_tta_section][\/vc_tta_accordion][\/vc_column][\/vc_row]<\/p>\n<\/div>","protected":false},"excerpt":{"rendered":"<p>[vc_row full_width=&#8221;stretch_row&#8221; css=&#8221;.vc_custom_1591081556183{background-color: #ffffff !important;}&#8221; el_class=&#8221;pjustify&#8221;][vc_column css_animation=&#8221;bottom-to-top&#8221;][vc_column_text css_animation=&#8221;none&#8221;] Support &#8211; FAQ [\/vc_column_text][vc_row_inner][vc_column_inner width=&#8221;1\/3&#8243;][vc_column_text]Beh\u00f6ver du teknisk support f\u00f6r n\u00e5gon av v\u00e5ra&#8230;<\/p>\n","protected":false},"author":1,"featured_media":0,"parent":0,"menu_order":1,"comment_status":"closed","ping_status":"closed","template":"","meta":{"footnotes":""},"class_list":["post-25433","page","type-page","status-publish"],"_links":{"self":[{"href":"https:\/\/workmotions.com\/en\/wp-json\/wp\/v2\/pages\/25433"}],"collection":[{"href":"https:\/\/workmotions.com\/en\/wp-json\/wp\/v2\/pages"}],"about":[{"href":"https:\/\/workmotions.com\/en\/wp-json\/wp\/v2\/types\/page"}],"author":[{"embeddable":true,"href":"https:\/\/workmotions.com\/en\/wp-json\/wp\/v2\/users\/1"}],"replies":[{"embeddable":true,"href":"https:\/\/workmotions.com\/en\/wp-json\/wp\/v2\/comments?post=25433"}],"version-history":[{"count":1,"href":"https:\/\/workmotions.com\/en\/wp-json\/wp\/v2\/pages\/25433\/revisions"}],"predecessor-version":[{"id":25434,"href":"https:\/\/workmotions.com\/en\/wp-json\/wp\/v2\/pages\/25433\/revisions\/25434"}],"wp:attachment":[{"href":"https:\/\/workmotions.com\/en\/wp-json\/wp\/v2\/media?parent=25433"}],"curies":[{"name":"wp","href":"https:\/\/api.w.org\/{rel}","templated":true}]}}