{"id":25429,"date":"2020-06-23T13:49:01","date_gmt":"2020-06-23T13:49:01","guid":{"rendered":"https:\/\/workmotions.com\/?page_id=25429"},"modified":"2020-06-23T13:55:59","modified_gmt":"2020-06-23T13:55:59","slug":"terms-conditions","status":"publish","type":"page","link":"https:\/\/workmotions.com\/en\/terms-conditions\/","title":{"rendered":"Terms &#038; Conditions"},"content":{"rendered":"<div class=\"wpb-content-wrapper\"><p>[vc_row full_width=&#8221;stretch_row&#8221; css=&#8221;.vc_custom_1591081556183{background-color: #ffffff !important;}&#8221; el_class=&#8221;pjustify&#8221;][vc_column css_animation=&#8221;bottom-to-top&#8221;][vc_column_text css_animation=&#8221;none&#8221;]<\/p>\n<h1 class=\"entry-title\">F\u00f6rs\u00e4ljningsvillkor<\/h1>\n<p><strong>Allm\u00e4nna f\u00f6rs\u00e4ljningsvillkor f\u00f6r WorkMotions AB, T\u00e4by<\/strong><\/p>\n<p><strong>(giltiga fr.o.m. 1 januari 2020)<\/strong><\/p>\n<p><strong>\u00a0<\/strong><\/p>\n<p><strong>\u00a0<\/strong><\/p>\n<p><strong>Till\u00e4mplighet<\/strong><\/p>\n<ol>\n<li>Dessa allm\u00e4nna f\u00f6rs\u00e4ljningsvillkor g\u00e4ller s\u00e5vida de inte \u00e4ndras genom skriftlig \u00f6verenskommelse mellan parterna, det vill s\u00e4ga mellan WorkMotions AB (\u00e4ven kallad s\u00e4ljaren) och k\u00f6paren.<\/li>\n<\/ol>\n<p><strong>Prisuppgifter<\/strong><\/p>\n<ol start=\"2\">\n<li>Angivna produktpriser g\u00e4ller <u>exklusive merv\u00e4rdesskatt<\/u> samt andra av myndigheter beslutade skatter och avgifter, och \u00e4r vidare angivna <u>exklusive kostnad f\u00f6r transport<\/u> till k\u00f6paren.<\/li>\n<li><strong> I h\u00e4ndelse WorkMotions ombes\u00f6rjer transport av godset, kommer fraktkostnad faktureras s\u00e4rskilt.<\/strong><\/li>\n<\/ol>\n<p><strong>Anbud, accept och order<\/strong><\/p>\n<ol start=\"4\">\n<li>Av WorkMotions l\u00e4mnat anbud \u00e4r bindande 30 dagar fr\u00e5n anbudets datum, om ej annat s\u00e4rskilt \u00f6verenskommits. K\u00f6parens accept skall vara s\u00e4ljaren tillhanda inom denna tid.<\/li>\n<li>Order lagd via WorkMotions internetbaserade webshop utg\u00f6r accept p\u00e5 det anbud som webshopens sortiment, produktbeskrivningar, priser, mm, utg\u00f6r.<\/li>\n<li>WorkMotions friskriver sig fr\u00e5n eventuellt ansvar f\u00f6r uppenbara felskrivningar i anbud liksom i webshopens texter och priser.<\/li>\n<li>Annulationer av orderbekr\u00e4ftade best\u00e4llningar accepteras inte, d\u00e5 WorkMotions prim\u00e4rt producerar direkt mot order och ej mot lager.<\/li>\n<\/ol>\n<p><strong>F\u00f6rpackning<\/strong><\/p>\n<ol start=\"8\">\n<li>I anbud, webshop och prislistor angivna priser inkluderar, s\u00e5vida ej annat \u00f6verenskommits, kostnaden f\u00f6r f\u00f6rpackning eller emballage avsett f\u00f6r att f\u00f6rhindra skada eller f\u00f6rs\u00e4mring p\u00e5 godset under normala transportf\u00f6rh\u00e5llanden inom Sveriges gr\u00e4nser.<\/li>\n<li>K\u00f6paren kan mot s\u00e4rskild ers\u00e4ttning beg\u00e4ra att godset f\u00f6rpackas i exportf\u00f6rpackning.<\/li>\n<\/ol>\n<p><strong>Leverans <\/strong><\/p>\n<ol start=\"10\">\n<li>Leverans sker enligt FCA [s\u00e4ljarens fabrik] &#8211; Incoterms 2020, om inte annat skriftligen \u00f6verenskommits.<\/li>\n<li>Ber\u00e4knad leveransvecka fr\u00e5n s\u00e4ljarens fabrik samt utskeppningsort och leveranss\u00e4tt framg\u00e5r av orderbekr\u00e4ftelse som uts\u00e4ndes av s\u00e4ljaren efter k\u00f6parens accept. Det \u00e5ligger k\u00f6paren att kontrollera att WorkMotions ordererk\u00e4nnande \u00f6verensst\u00e4mmer med k\u00f6parens best\u00e4llning och att leverans- och faktureringsadress samt eventuell godsm\u00e4rkning och fakturareferens \u00e4r korrekta. Inv\u00e4ndningar mot orderbekr\u00e4ftelser som k\u00f6paren \u00f6nskar g\u00f6ra g\u00e4llande, skall vara WorkMotions tillhanda senast 3 arbetsdagar efter orderbekr\u00e4ftelsens utskriftsdag.<\/li>\n<li>Om k\u00f6paren underl\u00e5ter att mottaga godset p\u00e5 av WorkMotions slutligt fastst\u00e4lld, och till k\u00f6paren informerad, leveranstidpunkt eller beg\u00e4r uppskov med leverans mer \u00e4n 5 dagar fr\u00e5n slutligt fastst\u00e4lld leveranstidpunkt, \u00e4r k\u00f6paren \u00e4nd\u00e5 skyldig att erl\u00e4gga betalning som om godset levererats. Kostnaden f\u00f6r lagring skall d\u00e5 best\u00e4mmas till 1 procent av fakturerat nettov\u00e4rde exklusive merv\u00e4rdesskatt per p\u00e5b\u00f6rjad vecka (minimum SEK 500.- per order).<\/li>\n<li>Om k\u00f6paren i f\u00f6rekommande fall ej f\u00f6rskottsbetalat eller ej st\u00e4llt s\u00e4kerhet enligt punkt 22 i r\u00e4tt tid, \u00e4r WorkMotions ber\u00e4ttigad till f\u00f6rl\u00e4ngning av leveranstiden till dess att f\u00f6rskottsbetalning erh\u00e5llits eller s\u00e4kerhet har st\u00e4llts.<\/li>\n<\/ol>\n<p><strong>Installation <\/strong><\/p>\n<ol start=\"14\">\n<li>Om WorkMotions enligt s\u00e4rskild \u00f6verenskommelse mellan parterna \u00e5tagit sig att installera och montera godset, skall k\u00f6paren svara f\u00f6r att:<\/li>\n<\/ol>\n<ul>\n<li>Tillfartsv\u00e4gar och eventuella hissar till lokalerna d\u00e4r installationen skall ske \u00e4r disponibla f\u00f6r s\u00e4ljaren.<\/li>\n<li>Lagringsutrymmen och uppackningslokaler p\u00e5 installationsplatsen st\u00e5r till s\u00e4ljarens f\u00f6rfogande. lokalerna d\u00e4r installationen skall ske, \u00e4r avst\u00e4dade samt att andra arbeten ej f\u00f6rhindrar eller f\u00f6rsv\u00e5rar installationen.<\/li>\n<li>Lokalerna \u00e4r iordningst\u00e4llda enligt anvisningar som s\u00e4ljaren tillhandah\u00e5llit.<\/li>\n<li>S\u00e4ljaren kan utf\u00f6ra arbetet utan avbrott p\u00e5 ordinarie arbetstid.<\/li>\n<li>S\u00e4ljaren har fri tillg\u00e5ng till elkraft och belysning.<\/li>\n<li>Lokalerna d\u00e4r installationen skall ske under installationstiden \u00e4r l\u00e5sta under tid som verksamhet ej p\u00e5g\u00e5r.<\/li>\n<\/ul>\n<ol start=\"15\">\n<li>Om s\u00e4ljarens arbete med att installera och montera godset hos k\u00f6paren skulle medf\u00f6ra extra kostnader p\u00e5 grund av att k\u00f6paren inte iakttagit anvisningarna i punkt 14 \u00e4r s\u00e4ljaren ber\u00e4ttigade till ers\u00e4ttning f\u00f6r dessa kostnader.<\/li>\n<li>WorkMotions ansvarar ej f\u00f6r framdragning av el-, telekommunikations- eller multimedialedningar.<\/li>\n<\/ol>\n<p><strong>Ansvar f\u00f6r levererat gods <\/strong><\/p>\n<ol start=\"17\">\n<li>K\u00f6paren ansvarar f\u00f6r skada p\u00e5 godset efter att det avlevererats till k\u00f6paren och intill dess full betalning erlagts.<\/li>\n<\/ol>\n<p><strong>Returer<\/strong><\/p>\n<ol start=\"18\">\n<li>WorkMotions tar normalt sett inga varor i retur, d\u00e5 WorkMotions prim\u00e4rt producerar direkt mot order och ej mot lager.<\/li>\n<\/ol>\n<p><strong>Betalningsvillkor<\/strong><\/p>\n<ol start=\"19\">\n<li>Betalning sker mot faktura senast 14 dagar efter fakturadatum om ej annat avtalats. Vid dr\u00f6jsm\u00e5l med betalning utg\u00e5r dr\u00f6jsm\u00e5lsr\u00e4nta fr\u00e5n fakturans f\u00f6rfallodag som med \u00e5tta (8) procent \u00f6verstiger riksbankens referensr\u00e4nta samt ev. p\u00e5minnelseavgifter. Eventuella anm\u00e4rkningar mot faktura skall l\u00e4mnas inom 8 dagar fr\u00e5n fakturadatum.<\/li>\n<li>WorkMotions f\u00f6rbeh\u00e5ller sig r\u00e4tten att f\u00f6re leverans utf\u00f6ra sedvanlig kreditbed\u00f6mning.<\/li>\n<li>S\u00e4ljarens kreditbed\u00f6mning av k\u00f6paren kan leda till att vid behov kr\u00e4va s\u00e4kerhet av k\u00f6paren. S\u00e4ljaren \u00e4ger d\u00e4rvid r\u00e4tt att ej leverera godset om k\u00f6paren kan antagas vara p\u00e5 obest\u00e5nd och k\u00f6paren inte erl\u00e4gger betalning i f\u00f6rskott eller st\u00e4ller av WorkMotions accepterad s\u00e4kerhet f\u00f6r betalning.<\/li>\n<\/ol>\n<p><strong>\u00c4gander\u00e4ttsf\u00f6rbeh\u00e5ll <\/strong><\/p>\n<ol start=\"22\">\n<li>Det levererade godset f\u00f6rblir WorkMotions egendom till dess det blivit till fullo betalt. Skulle innan \u00e4gander\u00e4tten till godset helt \u00f6verg\u00e5tt till k\u00f6paren, utm\u00e4tning eller kvarstad avseende godset komma ifr\u00e5ga, \u00e4r k\u00f6paren skyldig att uppvisa avtalet f\u00f6r kronofogdemyndigheten eller p\u00e5 annat s\u00e4tt upplysa myndigheten om \u00e4garf\u00f6rh\u00e5llandet samt omedelbart underr\u00e4tta WorkMotions d\u00e4rom. Intill dess \u00e4gander\u00e4tt till godset helt \u00f6verg\u00e5tt till k\u00f6paren \u00e4ger ej denne utan WorkMotions skriftliga medgivande f\u00f6ra godset ur landet, avyttra eller pants\u00e4tta godset. K\u00f6paren \u00e4r vidare skyldig att v\u00e5rda godset p\u00e5 s\u00e5dant s\u00e4tt att WorkMotions r\u00e4tt ej \u00e4ventyras, innefattande bl.a. att k\u00f6paren skall h\u00e5lla godset f\u00f6rs\u00e4krat i den omfattning och p\u00e5 de villkor som p\u00e5kallats av WorkMotions. Vid ev. f\u00f6rlust eller skada som v\u00e4sentligt minskar godsets v\u00e4rde, skall k\u00f6paren utan dr\u00f6jsm\u00e5l underr\u00e4tta WorkMotions h\u00e4rom.<\/li>\n<\/ol>\n<p><strong>Transport och transportskada<\/strong><\/p>\n<ol start=\"23\">\n<li>Efter s\u00e4rskild \u00f6verenskommelse mellan parterna kan WorkMotions ombes\u00f6rja transport av godset p\u00e5 k\u00f6parens bekostnad. WorkMotions \u00e5tar sig dock inte n\u00e5got ansvar f\u00f6r denna transport, ut\u00f6ver leveransvillkoren i punkt 10, utan sluter ett avtal med transportf\u00f6retag f\u00f6r k\u00f6parens r\u00e4kning.<\/li>\n<li>Om skada p\u00e5 gods kan antagas ha intr\u00e4ffat under transport, skall k\u00f6paren anm\u00e4la skadan till transportf\u00f6retaget omg\u00e5ende efter godsets mottagande. Vid synlig transportskada ska detta skrivas direkt p\u00e5 fraktsedeln.<\/li>\n<\/ol>\n<p><strong>Skadest\u00e5nd<\/strong><\/p>\n<ol start=\"25\">\n<li>S\u00e4ljaren \u00e4r inte skyldig att p\u00e5 grund av fel eller brist i godset eller vid f\u00f6rsening av leverans utge n\u00e5gon ers\u00e4ttning till k\u00f6paren f\u00f6r utebliven vinst eller annan indirekt skada.<\/li>\n<li>\u00c4r ena parten skyldig att utge skadest\u00e5nd till den andra skall skadest\u00e5ndet t\u00e4cka endast s\u00e5dan skada, som den felande parten sk\u00e4ligen kunde f\u00f6rutsett vid tiden f\u00f6r avtals slutande. Ers\u00e4ttning f\u00f6r skada m\u00e5 under inga omst\u00e4ndigheter \u00f6verstiga ett belopp motsvarande v\u00e4rdet av den del av leverans av gods som orsakats skada.<\/li>\n<\/ol>\n<p><strong>Modell\u00e4ndringar <\/strong><\/p>\n<ol start=\"27\">\n<li>WorkMotions f\u00f6rbeh\u00e5ller sig r\u00e4tten att \u00e4ndra modeller och konstruktioner till av k\u00f6paren best\u00e4llt gods, n\u00e4r \u00e4ndringen \u00e4r tillverkningsmotiverad.<\/li>\n<\/ol>\n<p><strong>Copyright <\/strong><\/p>\n<ol start=\"28\">\n<li>Anbud, f\u00f6rslag, skisser, konstruktioner, ritningar och motsvarande handlingar, som av s\u00e4ljaren \u00f6verl\u00e4mnats till k\u00f6paren, \u00e4r och f\u00f6rblir WorkMotions egendom. S\u00e5dana handlingar f\u00e5r inte nyttjas av k\u00f6paren i kommersiellt syfte utan WorkMotions medgivande, och inte heller kopieras, reproduceras, utl\u00e4mnas eller p\u00e5 annat s\u00e4tt delges tredje man.<\/li>\n<\/ol>\n<p><strong>Force Majeure<\/strong><\/p>\n<ol start=\"29\">\n<li>Om part inte skulle kunna fullg\u00f6ra sina \u00e5tagande enligt detta avtal till f\u00f6ljd av omst\u00e4ndigheter \u00f6ver vilka parterna ej r\u00e5der, s\u00e5som myndighets\u00e5tg\u00e4rd, krig, mobilisering, f\u00f6rst\u00e4rkt f\u00f6rsvarsberedskap, eldsv\u00e5da, arbetskonflikt, skall detta utg\u00f6ra befrielsegrund, som medf\u00f6r tidsf\u00f6rskjutning och befrielse fr\u00e5n p\u00e5f\u00f6ljder till f\u00f6ljd av f\u00f6rsening. Om part p\u00e5 grund av nyss n\u00e4mnd omst\u00e4ndighet inte kan fullg\u00f6ra sina \u00e5tagande under minst tre m\u00e5nader, \u00e4ger vardera parten r\u00e4tt att h\u00e4va avtalet utan skadest\u00e5ndsskyldighet.<\/li>\n<\/ol>\n<p><strong>Garanti<\/strong><\/p>\n<p>30. \u00a0 F\u00f6r felaktigheter som \u00e4r att h\u00e4nf\u00f6ra till bristf\u00e4lligheter i konstruktion, material eller i tillverkning svarar WorkMotions under en tid av 2 \u00e5r fr\u00e5n leveransdatum, om inte annat skriftligen angivits. S\u00e4ljarens ansvar avser endast fel som uppst\u00e5r vid korrekt anv\u00e4ndning och omfattar inte fel f\u00f6rorsakade av bristf\u00e4lligt underh\u00e5ll eller oriktig montering fr\u00e5n k\u00f6parens sida och inte heller fel h\u00e4nf\u00f6rliga till normal f\u00f6rslitning eller f\u00f6rs\u00e4mring.<\/p>\n<p>31.\u00a0 S\u00e4ljaren avg\u00f6r om avhj\u00e4lpande av fel skall ske genom reparation eller utbyte av levererat gods. K\u00f6paren har dock inte r\u00e4tt till skadest\u00e5nd f\u00f6r det fall godset skulle vara beh\u00e4ftat med fel.<\/p>\n<p><strong>Tvister <\/strong><\/p>\n<ol start=\"32\">\n<li>Eventuella tvister r\u00f6rande ing\u00e5ngna aff\u00e4rsavtal skall avg\u00f6ras av domstol i Stockholm baserat p\u00e5 svensk lag.<\/li>\n<\/ol>\n<p>[\/vc_column_text][\/vc_column][\/vc_row]<\/p>\n<\/div>","protected":false},"excerpt":{"rendered":"<p>[vc_row full_width=&#8221;stretch_row&#8221; css=&#8221;.vc_custom_1591081556183{background-color: #ffffff !important;}&#8221; el_class=&#8221;pjustify&#8221;][vc_column css_animation=&#8221;bottom-to-top&#8221;][vc_column_text css_animation=&#8221;none&#8221;] F\u00f6rs\u00e4ljningsvillkor Allm\u00e4nna f\u00f6rs\u00e4ljningsvillkor f\u00f6r WorkMotions AB, T\u00e4by (giltiga fr.o.m. 1 januari 2020)&#8230;<\/p>\n","protected":false},"author":1,"featured_media":0,"parent":0,"menu_order":1,"comment_status":"closed","ping_status":"closed","template":"","meta":{"footnotes":""},"class_list":["post-25429","page","type-page","status-publish"],"_links":{"self":[{"href":"https:\/\/workmotions.com\/en\/wp-json\/wp\/v2\/pages\/25429"}],"collection":[{"href":"https:\/\/workmotions.com\/en\/wp-json\/wp\/v2\/pages"}],"about":[{"href":"https:\/\/workmotions.com\/en\/wp-json\/wp\/v2\/types\/page"}],"author":[{"embeddable":true,"href":"https:\/\/workmotions.com\/en\/wp-json\/wp\/v2\/users\/1"}],"replies":[{"embeddable":true,"href":"https:\/\/workmotions.com\/en\/wp-json\/wp\/v2\/comments?post=25429"}],"version-history":[{"count":3,"href":"https:\/\/workmotions.com\/en\/wp-json\/wp\/v2\/pages\/25429\/revisions"}],"predecessor-version":[{"id":25432,"href":"https:\/\/workmotions.com\/en\/wp-json\/wp\/v2\/pages\/25429\/revisions\/25432"}],"wp:attachment":[{"href":"https:\/\/workmotions.com\/en\/wp-json\/wp\/v2\/media?parent=25429"}],"curies":[{"name":"wp","href":"https:\/\/api.w.org\/{rel}","templated":true}]}}