{"id":25425,"date":"2020-06-23T13:43:42","date_gmt":"2020-06-23T13:43:42","guid":{"rendered":"https:\/\/workmotions.com\/?page_id=25425"},"modified":"2020-06-23T13:43:42","modified_gmt":"2020-06-23T13:43:42","slug":"special-products","status":"publish","type":"page","link":"https:\/\/workmotions.com\/en\/special-products\/","title":{"rendered":"Special Products"},"content":{"rendered":"<div class=\"wpb-content-wrapper\"><p>[vc_row full_width=&#8221;stretch_row&#8221; css=&#8221;.vc_custom_1542285465663{background-color: #ffffff !important;}&#8221;][vc_column css_animation=&#8221;bottom-to-top&#8221;][vc_row_inner][vc_column_inner offset=&#8221;vc_hidden-sm vc_hidden-xs&#8221;]<div class=\"clearboth\"><\/div><style>#thegem-divider-69f6b3d54fad4 {margin-top: 80px !important;}<\/style><div id=\"thegem-divider-69f6b3d54fad4\" class=\"gem-divider  \" style=\"\" ><\/div>[\/vc_column_inner][\/vc_row_inner][vc_column_text]<\/p>\n<h2 style=\"text-align: center;\">WorkMotions har expertkompetens inom linj\u00e4ra r\u00f6relser.<\/h2>\n<p>[\/vc_column_text][vc_column_text]<\/p>\n<p style=\"text-align: left;\"><span class=\"light\">V\u00e5r unika monitorlift \u00e4r ett exempel p\u00e5 d\u00e4r v\u00e5r kompetens har varit grunden i att f\u00e5 fram en bra produkt. Ett annat exempel \u00e4r att vi levererar elektroniken och st\u00e5ldetaljer till en h\u00f6j- och s\u00e4nkbar Whiteboard-tavla som har installerats hos \u00d6rebro Universitet.<br \/>\n<\/span><\/p>\n<p>[\/vc_column_text][vc_row_inner][vc_column_inner offset=&#8221;vc_hidden-xs&#8221;]<div class=\"clearboth\"><\/div><style>#thegem-divider-69f6b3d54fc52 {margin-top: 35px !important;}<\/style><div id=\"thegem-divider-69f6b3d54fc52\" class=\"gem-divider  \" style=\"\" ><\/div>[\/vc_column_inner][\/vc_row_inner][\/vc_column][\/vc_row][vc_row full_width=&#8221;stretch_row&#8221; css=&#8221;.vc_custom_1591775863784{padding-bottom: 50px !important;background-color: #ffffff !important;}&#8221;][vc_column css_animation=&#8221;bottom-to-top&#8221;][vc_column_text css_animation=&#8221;none&#8221;]<\/p>\n<p style=\"text-align: center;\"><span style=\"font-weight: 400;\">Har du en id\u00e9 om att utveckla\/tillverka n\u00e5gon sorts m\u00f6bel som g\u00f6r n\u00e5gon form av linj\u00e4r r\u00f6relse \u00e4r du varmt v\u00e4lkommen att kontakta Jonas Tj\u00e4rnhell p\u00e5 0730-316164 eller<\/span> <a href=\"mailto:jonas.tjarnhell@workmotions.com\"><span style=\"font-weight: 400;\">jonas.tjarnhell@workmotions.com<\/span><\/a> <span style=\"font-weight: 400;\">f\u00f6r att se hur WorkMotions kan bist\u00e5 i projektet.<\/span><\/p>\n<p>[\/vc_column_text][\/vc_column][\/vc_row]<\/p>\n<\/div>","protected":false},"excerpt":{"rendered":"<p>[vc_row full_width=&#8221;stretch_row&#8221; css=&#8221;.vc_custom_1542285465663{background-color: #ffffff !important;}&#8221;][vc_column css_animation=&#8221;bottom-to-top&#8221;][vc_row_inner][vc_column_inner offset=&#8221;vc_hidden-sm vc_hidden-xs&#8221;][\/vc_column_inner][\/vc_row_inner][vc_column_text] WorkMotions har expertkompetens inom linj\u00e4ra r\u00f6relser. [\/vc_column_text][vc_column_text] V\u00e5r unika monitorlift \u00e4r ett&#8230;<\/p>\n","protected":false},"author":1,"featured_media":0,"parent":0,"menu_order":1,"comment_status":"closed","ping_status":"closed","template":"","meta":{"footnotes":""},"class_list":["post-25425","page","type-page","status-publish"],"_links":{"self":[{"href":"https:\/\/workmotions.com\/en\/wp-json\/wp\/v2\/pages\/25425"}],"collection":[{"href":"https:\/\/workmotions.com\/en\/wp-json\/wp\/v2\/pages"}],"about":[{"href":"https:\/\/workmotions.com\/en\/wp-json\/wp\/v2\/types\/page"}],"author":[{"embeddable":true,"href":"https:\/\/workmotions.com\/en\/wp-json\/wp\/v2\/users\/1"}],"replies":[{"embeddable":true,"href":"https:\/\/workmotions.com\/en\/wp-json\/wp\/v2\/comments?post=25425"}],"version-history":[{"count":1,"href":"https:\/\/workmotions.com\/en\/wp-json\/wp\/v2\/pages\/25425\/revisions"}],"predecessor-version":[{"id":25426,"href":"https:\/\/workmotions.com\/en\/wp-json\/wp\/v2\/pages\/25425\/revisions\/25426"}],"wp:attachment":[{"href":"https:\/\/workmotions.com\/en\/wp-json\/wp\/v2\/media?parent=25425"}],"curies":[{"name":"wp","href":"https:\/\/api.w.org\/{rel}","templated":true}]}}