{"id":25423,"date":"2020-06-23T13:42:28","date_gmt":"2020-06-23T13:42:28","guid":{"rendered":"https:\/\/workmotions.com\/?page_id=25423"},"modified":"2020-06-23T13:42:28","modified_gmt":"2020-06-23T13:42:28","slug":"monitor-lifts","status":"publish","type":"page","link":"https:\/\/workmotions.com\/en\/monitor-lifts\/","title":{"rendered":"Monitor Lifts"},"content":{"rendered":"<div class=\"wpb-content-wrapper\"><p>[vc_row full_width=&#8221;stretch_row&#8221; css=&#8221;.vc_custom_1542285465663{background-color: #ffffff !important;}&#8221;][vc_column css_animation=&#8221;bottom-to-top&#8221;][vc_row_inner][vc_column_inner offset=&#8221;vc_hidden-sm vc_hidden-xs&#8221;]<div class=\"clearboth\"><\/div><style>#thegem-divider-69f6b542bb92f {margin-top: 80px !important;}<\/style><div id=\"thegem-divider-69f6b542bb92f\" class=\"gem-divider  \" style=\"\" ><\/div>[\/vc_column_inner][\/vc_row_inner][vc_column_text]<\/p>\n<h2 style=\"text-align: center;\">E-tentamen har blivit ett allt vanligare inslag p\u00e5 H\u00f6gskolor och Universitet.<\/h2>\n<p>[\/vc_column_text][vc_column_text]<\/p>\n<h4 style=\"text-align: center;\"><span class=\"light\">Vi erbjuder en unik l\u00f6sning d\u00e4r monitorerna enkelt kan h\u00f6jas och s\u00e4nkas f\u00f6r att skapa de r\u00e4tta f\u00f6ruts\u00e4ttningarna f\u00f6r b\u00e5de studenter och l\u00e4rare.<\/span><\/h4>\n<p>[\/vc_column_text][vc_row_inner][vc_column_inner offset=&#8221;vc_hidden-xs&#8221;]<div class=\"clearboth\"><\/div><style>#thegem-divider-69f6b542bba4c {margin-top: 35px !important;}<\/style><div id=\"thegem-divider-69f6b542bba4c\" class=\"gem-divider  \" style=\"\" ><\/div>[\/vc_column_inner][\/vc_row_inner][\/vc_column][\/vc_row][vc_row full_width=&#8221;stretch_row&#8221; css=&#8221;.vc_custom_1591775863784{padding-bottom: 50px !important;background-color: #ffffff !important;}&#8221;][vc_column css_animation=&#8221;bottom-to-top&#8221; width=&#8221;1\/2&#8243;][vc_column_text css_animation=&#8221;none&#8221;]Id\u00e9n till dessa monitorliftar kom fr\u00e5n Uppsala Universitet som under b\u00f6rjan av 2018 b\u00f6rjat fundera p\u00e5 hur man ska anpassa sina lokaler till att kunna anv\u00e4ndas f\u00f6r de E-tentamen som blir allt vanligare. De ville att bildsk\u00e4rmen skulle \u201df\u00f6rsvinna\u201d n\u00e4r de aktuella platserna inte anv\u00e4ndes s\u00e5 att de inte skymmer tentamenvakternas m\u00f6jlighet till att \u00f6vervaka rummet.[\/vc_column_text]<div class=\"clearboth\"><\/div><style>#thegem-divider-69f6b542bba5b {margin-top: 20px !important;}<\/style><div id=\"thegem-divider-69f6b542bba5b\" class=\"gem-divider  \" style=\"\" ><\/div><div   class=\"gem-quote gem-quote-style-1 gem-quote-no-paddings\" ><blockquote  >Monitorliften \u00e4r mycket flexibel och den kan anpassas till bord i alla t\u00e4nkbara storlekar.<\/blockquote><\/div><div class=\"clearboth\"><\/div><style>#thegem-divider-69f6b542bba77 {margin-top: -45px !important;}<\/style><div id=\"thegem-divider-69f6b542bba77\" class=\"gem-divider  \" style=\"\" ><\/div>[vc_column_text css_animation=&#8221;none&#8221;]<span style=\"font-weight: 400;\">V\u00e4lkommen att h\u00f6ra av er till Jonas Tj\u00e4rnhell p\u00e5 0730-316164 eller <\/span><a href=\"mailto:jonas.tjarnhell@workmotions.com\"><span style=\"font-weight: 400;\">jonas.tjarnhell@workmotions.com<\/span><\/a><span style=\"font-weight: 400;\"> f\u00f6r mer information.<\/span>[\/vc_column_text][\/vc_column][vc_column width=&#8221;1\/2&#8243;][vc_column_text css_animation=&#8221;bottom-to-top&#8221;]WorkMotions Monitorlift uppfyller allt det som ett universitet beh\u00f6ver f\u00f6r att ha kvar flexibiliteten i sina lokaler.<\/p>\n<p>Monitorliften \u00e4r bra b\u00e5de ur ett kostnads- och ett milj\u00f6m\u00e4ssigt perspektiv eftersom man inte beh\u00f6ver k\u00f6pa helt nya bord utan det g\u00e5r utm\u00e4rkt att anv\u00e4nda befintliga tentamensbord.<\/p>\n<p>Monitorliften \u00e4r mycket flexibel och den kan anpassas till bord i alla t\u00e4nkbara storlekar.<br \/>\n[\/vc_column_text][vc_btn title=&#8221;Titta g\u00e4rna p\u00e5 ett inslag om installationen i Uppsala!&#8221; style=&#8221;classic&#8221; shape=&#8221;square&#8221; color=&#8221;default&#8221; link=&#8221;url:https%3A%2F%2Fwww.svt.se%2Fnyheter%2Flokalt%2Fuppsala%2Fstudenter-borjar-skriva-sina-tentor-pa-dator||target:%20_blank|&#8221;][\/vc_column][\/vc_row]<\/p>\n<\/div>","protected":false},"excerpt":{"rendered":"<p>[vc_row full_width=&#8221;stretch_row&#8221; css=&#8221;.vc_custom_1542285465663{background-color: #ffffff !important;}&#8221;][vc_column css_animation=&#8221;bottom-to-top&#8221;][vc_row_inner][vc_column_inner offset=&#8221;vc_hidden-sm vc_hidden-xs&#8221;][\/vc_column_inner][\/vc_row_inner][vc_column_text] E-tentamen har blivit ett allt vanligare inslag p\u00e5 H\u00f6gskolor och Universitet. [\/vc_column_text][vc_column_text]&#8230;<\/p>\n","protected":false},"author":1,"featured_media":0,"parent":0,"menu_order":1,"comment_status":"closed","ping_status":"closed","template":"","meta":{"footnotes":""},"class_list":["post-25423","page","type-page","status-publish"],"_links":{"self":[{"href":"https:\/\/workmotions.com\/en\/wp-json\/wp\/v2\/pages\/25423"}],"collection":[{"href":"https:\/\/workmotions.com\/en\/wp-json\/wp\/v2\/pages"}],"about":[{"href":"https:\/\/workmotions.com\/en\/wp-json\/wp\/v2\/types\/page"}],"author":[{"embeddable":true,"href":"https:\/\/workmotions.com\/en\/wp-json\/wp\/v2\/users\/1"}],"replies":[{"embeddable":true,"href":"https:\/\/workmotions.com\/en\/wp-json\/wp\/v2\/comments?post=25423"}],"version-history":[{"count":2,"href":"https:\/\/workmotions.com\/en\/wp-json\/wp\/v2\/pages\/25423\/revisions"}],"predecessor-version":[{"id":25745,"href":"https:\/\/workmotions.com\/en\/wp-json\/wp\/v2\/pages\/25423\/revisions\/25745"}],"wp:attachment":[{"href":"https:\/\/workmotions.com\/en\/wp-json\/wp\/v2\/media?parent=25423"}],"curies":[{"name":"wp","href":"https:\/\/api.w.org\/{rel}","templated":true}]}}