{"id":25421,"date":"2020-06-23T13:41:13","date_gmt":"2020-06-23T13:41:13","guid":{"rendered":"https:\/\/workmotions.com\/?page_id=25421"},"modified":"2020-06-23T13:41:13","modified_gmt":"2020-06-23T13:41:13","slug":"office-chairs","status":"publish","type":"page","link":"https:\/\/workmotions.com\/en\/office-chairs\/","title":{"rendered":"Office Chairs"},"content":{"rendered":"<div class=\"wpb-content-wrapper\"><p>[vc_row full_width=&#8221;stretch_row&#8221; css=&#8221;.vc_custom_1542285465663{background-color: #ffffff !important;}&#8221;][vc_column css_animation=&#8221;bottom-to-top&#8221;][vc_row_inner][vc_column_inner offset=&#8221;vc_hidden-sm vc_hidden-xs&#8221;]<div class=\"clearboth\"><\/div><style>#thegem-divider-69f6b3cbb1431 {margin-top: 80px !important;}<\/style><div id=\"thegem-divider-69f6b3cbb1431\" class=\"gem-divider  \" style=\"\" ><\/div>[\/vc_column_inner][\/vc_row_inner][vc_column_text]<\/p>\n<h2 style=\"text-align: center;\">St\u00e4rk kroppen n\u00e4r du sitter!<\/h2>\n<p>[\/vc_column_text][vc_column_text]<\/p>\n<h4 style=\"text-align: center;\"><span class=\"light\">Vid aktivt sittande r\u00f6r vi oss hela tiden utan att t\u00e4nka p\u00e5 det. Framf\u00f6r allt rygg och magmuskler anv\u00e4nds i en r\u00f6relse som liknar den som n\u00e4r vi g\u00e5r eller springer. Resultatet blir att vi tr\u00e4nar v\u00e5ra muskler under dagen n\u00e4r vi sitter framf\u00f6r datorn.<\/span><\/h4>\n<p>[\/vc_column_text][vc_row_inner][vc_column_inner offset=&#8221;vc_hidden-xs&#8221;]<div class=\"clearboth\"><\/div><style>#thegem-divider-69f6b3cbb1601 {margin-top: 35px !important;}<\/style><div id=\"thegem-divider-69f6b3cbb1601\" class=\"gem-divider  \" style=\"\" ><\/div>[\/vc_column_inner][\/vc_row_inner][\/vc_column][\/vc_row][vc_row full_width=&#8221;stretch_row&#8221; css=&#8221;.vc_custom_1542286470121{background-color: #ffffff !important;}&#8221;][vc_column css_animation=&#8221;none&#8221; width=&#8221;2\/6&#8243;]<div class=\"lazy-loading\" data-ll-item-delay=\"0\"><div class=\"gem-textbox  lazy-loading-item centered-box\"  data-ll-effect=\"move-up\" ><div class=\"gem-textbox-inner\" style=\"\"><div class=\"gem-textbox-content\" style=\"background-color: #eef3f1;background-position: center center;\"><div class=\"clearboth\"><\/div><style>#thegem-divider-69f6b3cbb168e {margin-top: 30px !important;}<\/style><div id=\"thegem-divider-69f6b3cbb168e\" class=\"gem-divider  \" style=\"\" ><\/div>[vc_column_text]<\/p>\n<div class=\"flex_column av_one_fourth flex_column_table_cell av-equal-height-column av-align-top av-zero-column-padding first avia-builder-el-3 el_before_av_one_fourth avia-builder-el-first \">\n<section class=\"av_textblock_section \">\n<div class=\"avia_textblock \">\n<h2 style=\"text-align: center; margin-top: 0px;\">Swopper<\/h2>\n<\/div>\n<\/section>\n<\/div>\n<p>[\/vc_column_text][vc_single_image image=&#8221;24975&#8243; img_size=&#8221;full&#8221; alignment=&#8221;center&#8221;]<div class=\"clearboth\"><\/div><style>#thegem-divider-69f6b3cbb169b {margin-top: 30px !important;}<\/style><div id=\"thegem-divider-69f6b3cbb169b\" class=\"gem-divider  \" style=\"\" ><\/div><style type=\"text\/css\">.thegem-button-69f6b3cbb1732673 .gem-button svg {fill: #eb5b27;}.thegem-button-69f6b3cbb1732673 .gem-button:hover svg {fill: #ffffff;}<\/style><div class=\"gem-button-container gem-button-position-center thegem-button-69f6b3cbb1732673    \"  ><a class=\"gem-button gem-button-size-tiny gem-button-style-outline gem-button-text-weight-normal gem-button-border-2\" data-ll-effect=\"drop-right-without-wrap\" style=\"border-radius: 0px;border-color: #eb5b27;color: #eb5b27;\" onmouseleave=\"this.style.borderColor='#eb5b27';this.style.color='#eb5b27';\" onmouseenter=\"this.style.color='#ffffff';\" href=\"#\" target=\"_self\">Till produkten<\/a><\/div> <\/div><\/div><div class=\"gem-textbox-bottom gem-textbox-bottom-flag\"><svg viewBox=\"0 0 1000 20\" preserveAspectRatio=\"none\" width=\"100%\" height=\"20\" style=\"fill: #eef3f1;\"><path d=\"M 0,-0.5 0,20 500,0 1000,20 1000,-0.5\" \/><\/svg><\/div><\/div><\/div>[\/vc_column][vc_column width=&#8221;4\/6&#8243;][vc_column_text css_animation=&#8221;bottom-to-top&#8221;]<strong>L\u00c5TER KROPPEN JOBBA<\/strong><br \/>\nAlla ergonomer, sjukgymnaster och l\u00e4kare s\u00e4ger att l\u00e5ngvarig statisk belastning inte \u00e4r bra f\u00f6r kroppen. Man rekommenderar starkt regelbunden r\u00f6relse, t ex pausgympa, omv\u00e4xlande st\u00e5 och sitta vid arbetsplatsen och liknande. Swopper eliminerar den statiska belastningen och g\u00f6r att kroppen h\u00e5ller balansen sj\u00e4lv.<\/p>\n<p><strong>R\u00d6R SIG I TRE DIMENSIONER<\/strong><br \/>\nM\u00e5nga kontorsstolar kan r\u00f6ra sig fram\u00e5t\/bak\u00e5t och h\u00f6jas och s\u00e4nkas. Swopper \u00e4r helt unik i att den r\u00f6r sig i tre dimensioner! Detta motverkar de sm\u00e4rttillst\u00e5nd som kan uppkomma n\u00e4r du sitter p\u00e5 en vanlig kontorsstol.<\/p>\n<p><strong>\u00d6KAR V\u00c4LBEFINNANDET<\/strong><br \/>\nN\u00e4r du sitter p\u00e5 en Swopper blir din rygg starkare och du f\u00e5r pausgympa flera g\u00e5nger per dagen utan att du t\u00e4nker p\u00e5 det. Du t\u00e4nker ocks\u00e5 klarare tack vare den \u00f6kade cirkulationen i kroppen och hj\u00e4rnan![\/vc_column_text][vc_row_inner][vc_column_inner width=&#8221;1\/2&#8243; css=&#8221;.vc_custom_1591080835758{padding-top: 20px !important;}&#8221;][vc_column_text]<\/p>\n<h5>S\u00c5 H\u00c4R FUNKAR DEN<\/h5>\n<p>Med en st\u00e4llbar fj\u00e4der i botten kan Swopper r\u00f6ra sig upp och ner i en mjuk r\u00f6relse. Du best\u00e4mmer sj\u00e4lv h\u00e5rdheten i b\u00e5de h\u00f6jd och sidled. N\u00e4r du lutar dig s\u00e5 f\u00f6ljer Swopper med tack vare att den \u00e4r ledad l\u00e4ngst nere vid golvet vilket bidrar till\u00a0att h\u00e5lla din ryggrad rak i alla l\u00e4gen. Sitsen kan ocks\u00e5 h\u00f6jas och s\u00e4nkas med ett enkelt handgrepp.<\/p>\n<p>L\u00e4r dig st\u00e4lla in din Swopper genom\u00a0<a class=\"mfp-iframe lightbox-added\" title=\"Swopper Adjustments\" href=\"http:\/\/www.youtube.com\/watch?v=7hyqnawC6To\" target=\"_blank\" rel=\"noopener noreferrer\">denna video<\/a>\u00a0(framtagen av den amerikanska Swopper-\u00e5terf\u00f6rs\u00e4ljaren Via Seating, Inc.).[\/vc_column_text][\/vc_column_inner][vc_column_inner width=&#8221;1\/2&#8243;][vc_single_image image=&#8221;24996&#8243; img_size=&#8221;full&#8221; alignment=&#8221;center&#8221;][vc_column_text css_animation=&#8221;none&#8221;]Med en vanlig kontorsstol tvingas din kropp anpassa sig till stolen men med en Swopper f\u00e5r du en naturligt rak ryggrad och stolen f\u00f6ljer med i dina r\u00f6relser.[\/vc_column_text][\/vc_column_inner][\/vc_row_inner][\/vc_column][\/vc_row][vc_row full_width=&#8221;stretch_row&#8221; css=&#8221;.vc_custom_1591080577948{padding-top: 50px !important;padding-bottom: 50px !important;background-color: #eef3f1 !important;}&#8221;][vc_column width=&#8221;4\/6&#8243;][vc_column_text]<strong>ST\u00c5 ELLER SITT &#8211; DU V\u00c4LJER SJ\u00c4LV!<\/strong><br \/>\nMuvman \u00e4r den perfekta stolen f\u00f6r dig som insett vikten av att v\u00e4xla mellan att sitta h\u00f6gt och l\u00e5gt. Med sin l\u00e5nga slagl\u00e4ngd ger Muvman b\u00e5de aktivt sittande och aktivt st\u00e5st\u00f6d. Den aktiva fj\u00e4dringen justerar automatiskt lutningen s\u00e5 att du alltid sitter med rak rygg och bra h\u00e5llning.<\/p>\n<p><strong>B\u00c4ST F\u00d6R RYGGEN<\/strong><br \/>\nMuvman k\u00e4nner hur din tyngdpunkt flyttar sig och f\u00f6ljer dina r\u00f6relser fram\u00e5t-bak\u00e5t och i sidled. Det blir n\u00e4stan om\u00f6jligt att sitta med b\u00f6jd rygg och Muvman hj\u00e4lper till att st\u00e4rka den viktiga b\u00e5l- och ryggmuskulaturen.<\/p>\n<p><strong>PASSAR IN \u00d6VERALLT<\/strong><br \/>\nVare sig du skriver p\u00e5 en roman eller beh\u00f6ver ett st\u00e5st\u00f6d i verksta\u2019n eller h\u00e4nger i baren passar Muvman in. Tack vare l\u00e5g vikt och bekv\u00e4mt handtag tar du med dig Muvman \u00f6verallt.[\/vc_column_text][vc_row_inner css=&#8221;.vc_custom_1591080570027{padding-top: 20px !important;}&#8221;][vc_column_inner width=&#8221;1\/4&#8243;][vc_single_image image=&#8221;25008&#8243; img_size=&#8221;full&#8221; alignment=&#8221;center&#8221;][\/vc_column_inner][vc_column_inner width=&#8221;3\/4&#8243;][vc_column_text]<\/p>\n<h5>S\u00e5 h\u00e4r fungerar den<\/h5>\n<p>Justerbar h\u00f6jd mellan 51 och 84 cm ger en optimal arbetsst\u00e4llning f\u00f6r de flesta kroppsl\u00e4ngder vid sitt- och st\u00e5bord. Det \u00e4r s\u00e4rskilt praktiskt n\u00e4r flera personer vill (eller m\u00e5ste) dela p\u00e5 en Muvman. Det praktiska handtaget kombinerat med l\u00e5g vikt g\u00f6r din Muvman i h\u00f6gsta grad mobil och den passar lika bra \u00f6verallt d\u00e4r det finns h\u00f6j- och s\u00e4nkbara skrivbord, i receptionen, vid kassan i butiken och f\u00f6r aktiva och effektiva m\u00f6ten i konferensrummet.[\/vc_column_text][\/vc_column_inner][\/vc_row_inner][\/vc_column][vc_column width=&#8221;2\/6&#8243;]<div class=\"lazy-loading\" data-ll-item-delay=\"0\"><div class=\"gem-textbox  lazy-loading-item centered-box\"  data-ll-effect=\"move-up\" ><div class=\"gem-textbox-inner\" style=\"\"><div class=\"gem-textbox-content\" style=\"background-color: #ffffff;background-position: center top;\"><div class=\"clearboth\"><\/div><style>#thegem-divider-69f6b3cbb17c9 {margin-top: 30px !important;}<\/style><div id=\"thegem-divider-69f6b3cbb17c9\" class=\"gem-divider  \" style=\"\" ><\/div>[vc_column_text]<\/p>\n<h2 class=\"av-special-heading-tag \" style=\"text-align: center; margin-top: 0px;\">Muvman<\/h2>\n<p>[\/vc_column_text][vc_single_image image=&#8221;25004&#8243; img_size=&#8221;full&#8221; alignment=&#8221;center&#8221;]<div class=\"clearboth\"><\/div><style>#thegem-divider-69f6b3cbb17d7 {margin-top: 30px !important;}<\/style><div id=\"thegem-divider-69f6b3cbb17d7\" class=\"gem-divider  \" style=\"\" ><\/div><style type=\"text\/css\">.thegem-button-69f6b3cbb18217622 .gem-button svg {fill: #eb5b27;}.thegem-button-69f6b3cbb18217622 .gem-button:hover svg {fill: #ffffff;}<\/style><div class=\"gem-button-container gem-button-position-center thegem-button-69f6b3cbb18217622    \"  ><a class=\"gem-button gem-button-size-tiny gem-button-style-outline gem-button-text-weight-normal gem-button-border-2\" data-ll-effect=\"drop-right-without-wrap\" style=\"border-radius: 0px;border-color: #eb5b27;color: #eb5b27;\" onmouseleave=\"this.style.borderColor='#eb5b27';this.style.color='#eb5b27';\" onmouseenter=\"this.style.color='#ffffff';\" href=\"#\" target=\"_self\">Till produkten<\/a><\/div> <\/div><\/div><div class=\"gem-textbox-bottom gem-textbox-bottom-flag\"><svg viewBox=\"0 0 1000 20\" preserveAspectRatio=\"none\" width=\"100%\" height=\"20\" style=\"fill: #ffffff;\"><path d=\"M 0,-0.5 0,20 500,0 1000,20 1000,-0.5\" \/><\/svg><\/div><\/div><\/div>[\/vc_column][\/vc_row][vc_row full_width=&#8221;stretch_row&#8221; css=&#8221;.vc_custom_1591080743635{padding-top: 50px !important;padding-bottom: 50px !important;background-color: #ffffff !important;}&#8221;][vc_column css_animation=&#8221;none&#8221; width=&#8221;2\/6&#8243;]<div class=\"lazy-loading\" data-ll-item-delay=\"0\"><div class=\"gem-textbox  lazy-loading-item centered-box\"  data-ll-effect=\"move-up\" ><div class=\"gem-textbox-inner\" style=\"\"><div class=\"gem-textbox-content\" style=\"background-color: #eef3f1;background-position: center center;\"><div class=\"clearboth\"><\/div><style>#thegem-divider-69f6b3cbb1882 {margin-top: 30px !important;}<\/style><div id=\"thegem-divider-69f6b3cbb1882\" class=\"gem-divider  \" style=\"\" ><\/div>[vc_column_text]<\/p>\n<div class=\"flex_column av_one_fourth flex_column_table_cell av-equal-height-column av-align-top av-zero-column-padding first avia-builder-el-3 el_before_av_one_fourth avia-builder-el-first \">\n<section class=\"av_textblock_section \">\n<div class=\"avia_textblock \">\n<h2 style=\"text-align: center; margin-top: 0px;\">3Dee<\/h2>\n<\/div>\n<\/section>\n<\/div>\n<p>[\/vc_column_text][vc_single_image image=&#8221;25014&#8243; img_size=&#8221;full&#8221; alignment=&#8221;center&#8221;]<div class=\"clearboth\"><\/div><style>#thegem-divider-69f6b3cbb188d {margin-top: 30px !important;}<\/style><div id=\"thegem-divider-69f6b3cbb188d\" class=\"gem-divider  \" style=\"\" ><\/div><style type=\"text\/css\">.thegem-button-69f6b3cbb18cd8149 .gem-button svg {fill: #eb5b27;}.thegem-button-69f6b3cbb18cd8149 .gem-button:hover svg {fill: #ffffff;}<\/style><div class=\"gem-button-container gem-button-position-center thegem-button-69f6b3cbb18cd8149    \"  ><a class=\"gem-button gem-button-size-tiny gem-button-style-outline gem-button-text-weight-normal gem-button-border-2\" data-ll-effect=\"drop-right-without-wrap\" style=\"border-radius: 0px;border-color: #eb5b27;color: #eb5b27;\" onmouseleave=\"this.style.borderColor='#eb5b27';this.style.color='#eb5b27';\" onmouseenter=\"this.style.color='#ffffff';\" href=\"#\" target=\"_self\">Till produkten<\/a><\/div> <\/div><\/div><div class=\"gem-textbox-bottom gem-textbox-bottom-flag\"><svg viewBox=\"0 0 1000 20\" preserveAspectRatio=\"none\" width=\"100%\" height=\"20\" style=\"fill: #eef3f1;\"><path d=\"M 0,-0.5 0,20 500,0 1000,20 1000,-0.5\" \/><\/svg><\/div><\/div><\/div>[\/vc_column][vc_column width=&#8221;4\/6&#8243;][vc_column_text css_animation=&#8221;bottom-to-top&#8221;]<strong>DET B\u00c4STA AV TV\u00c5 V\u00c4RLDAR!<\/strong><br \/>\nMer r\u00f6relse p\u00e5 kontoret och samtidigt en maximal komfort. Det unika 3D-konceptet stimulerar en r\u00f6relse i tre dimensioner. Principen \u00e4r lika enkel som genial: Stolen f\u00f6ljer kroppens r\u00f6relser och inte tv\u00e4rtom.<\/p>\n<p><strong>AKTIV I TRE DIMENSIONER<\/strong><br \/>\nDen aktiva kontorsstolen 3Dee \u00e4r den f\u00f6rsta av sitt slag och resultatet av omfattande utveckling och design. Det bekv\u00e4ma ryggst\u00f6det \u00e4r unikt f\u00f6r en en aktiv stol. Dess 3D r\u00f6relser anpassar sig efter din kropp och ger dig mer v\u00e4lm\u00e5ende, energi och stimulans i kombination med komfort.<\/p>\n<p><strong>UTAN KOMPROMISSER<\/strong><br \/>\nF\u00f6r den som inte vill kompromissa med sin h\u00e4lsa och s\u00f6ker en aktiv kontorsstol finns det inga alternativ. 3Dee \u00e4r r\u00f6rlig men samtidigt avslappnande och har en design som inte sk\u00e4ms f\u00f6r sig.[\/vc_column_text][vc_row_inner][vc_column_inner width=&#8221;1\/2&#8243; css=&#8221;.vc_custom_1591080810901{padding-top: 20px !important;}&#8221;][vc_column_text]<\/p>\n<h5>S\u00c5 H\u00c4R FUNKAR DEN<\/h5>\n<p>Text h\u00e4r?[\/vc_column_text][\/vc_column_inner][vc_column_inner width=&#8221;1\/2&#8243;][vc_single_image image=&#8221;24996&#8243; img_size=&#8221;full&#8221; alignment=&#8221;center&#8221;][vc_column_text css_animation=&#8221;none&#8221;]Med en vanlig kontorsstol tvingas din kropp att anpassa sig till stolen men med en 3Dee\u00a0f\u00e5r du en naturligt rak ryggrad och stolen f\u00f6ljer med i dina r\u00f6relser.[\/vc_column_text][\/vc_column_inner][\/vc_row_inner][\/vc_column][\/vc_row]<\/p>\n<\/div>","protected":false},"excerpt":{"rendered":"<p>[vc_row full_width=&#8221;stretch_row&#8221; css=&#8221;.vc_custom_1542285465663{background-color: #ffffff !important;}&#8221;][vc_column css_animation=&#8221;bottom-to-top&#8221;][vc_row_inner][vc_column_inner offset=&#8221;vc_hidden-sm vc_hidden-xs&#8221;][\/vc_column_inner][\/vc_row_inner][vc_column_text] St\u00e4rk kroppen n\u00e4r du sitter! [\/vc_column_text][vc_column_text] Vid aktivt sittande r\u00f6r vi oss&#8230;<\/p>\n","protected":false},"author":1,"featured_media":0,"parent":0,"menu_order":1,"comment_status":"closed","ping_status":"closed","template":"","meta":{"footnotes":""},"class_list":["post-25421","page","type-page","status-publish"],"_links":{"self":[{"href":"https:\/\/workmotions.com\/en\/wp-json\/wp\/v2\/pages\/25421"}],"collection":[{"href":"https:\/\/workmotions.com\/en\/wp-json\/wp\/v2\/pages"}],"about":[{"href":"https:\/\/workmotions.com\/en\/wp-json\/wp\/v2\/types\/page"}],"author":[{"embeddable":true,"href":"https:\/\/workmotions.com\/en\/wp-json\/wp\/v2\/users\/1"}],"replies":[{"embeddable":true,"href":"https:\/\/workmotions.com\/en\/wp-json\/wp\/v2\/comments?post=25421"}],"version-history":[{"count":1,"href":"https:\/\/workmotions.com\/en\/wp-json\/wp\/v2\/pages\/25421\/revisions"}],"predecessor-version":[{"id":25422,"href":"https:\/\/workmotions.com\/en\/wp-json\/wp\/v2\/pages\/25421\/revisions\/25422"}],"wp:attachment":[{"href":"https:\/\/workmotions.com\/en\/wp-json\/wp\/v2\/media?parent=25421"}],"curies":[{"name":"wp","href":"https:\/\/api.w.org\/{rel}","templated":true}]}}