{"id":25413,"date":"2020-06-23T09:52:22","date_gmt":"2020-06-23T09:52:22","guid":{"rendered":"https:\/\/workmotions.com\/?page_id=25413"},"modified":"2020-11-17T12:54:40","modified_gmt":"2020-11-17T12:54:40","slug":"contact","status":"publish","type":"page","link":"https:\/\/workmotions.com\/en\/contact\/","title":{"rendered":"Contact"},"content":{"rendered":"<div class=\"wpb-content-wrapper\"><p>[vc_row full_width=&#8221;stretch_row&#8221; css_animation=&#8221;bottom-to-top&#8221; css=&#8221;.vc_custom_1543844406325{margin-bottom: 0px !important;background-color: #f0f3f2 !important;}&#8221; el_id=&#8221;contact-us&#8221;][vc_column][vc_row_inner][vc_column_inner offset=&#8221;vc_hidden-xs&#8221;]<div class=\"clearboth\"><\/div><style>#thegem-divider-69f6b3f9dd2e3 {margin-top: 80px !important;}<\/style><div id=\"thegem-divider-69f6b3f9dd2e3\" class=\"gem-divider  \" style=\"\" ><\/div>[\/vc_column_inner][\/vc_row_inner][vc_column_text css_animation=&#8221;bottom-to-top&#8221;]<\/p>\n<h2 style=\"text-align: center;\">We look forward to your message!<\/h2>\n<p>[\/vc_column_text][vc_row_inner][vc_column_inner offset=&#8221;vc_hidden-xs&#8221;]<div class=\"clearboth\"><\/div><style>#thegem-divider-69f6b3f9dd418 {margin-top: 40px !important;}<\/style><div id=\"thegem-divider-69f6b3f9dd418\" class=\"gem-divider  \" style=\"\" ><\/div>[\/vc_column_inner][\/vc_row_inner]\n<div class=\"wpcf7 no-js\" id=\"wpcf7-f6-o1\" lang=\"en-US\" dir=\"ltr\">\n<div class=\"screen-reader-response\"><p role=\"status\" aria-live=\"polite\" aria-atomic=\"true\"><\/p> <ul><\/ul><\/div>\n<form action=\"\/en\/wp-json\/wp\/v2\/pages\/25413#wpcf7-f6-o1\" method=\"post\" class=\"wpcf7-form init gem-contact-form-white\" aria-label=\"Contact form\" novalidate=\"novalidate\" data-status=\"init\">\n<div style=\"display: none;\">\n<input type=\"hidden\" name=\"_wpcf7\" value=\"6\" \/>\n<input type=\"hidden\" name=\"_wpcf7_version\" value=\"5.9.8\" \/>\n<input type=\"hidden\" name=\"_wpcf7_locale\" value=\"en_US\" \/>\n<input type=\"hidden\" name=\"_wpcf7_unit_tag\" value=\"wpcf7-f6-o1\" \/>\n<input type=\"hidden\" name=\"_wpcf7_container_post\" value=\"0\" \/>\n<input type=\"hidden\" name=\"_wpcf7_posted_data_hash\" value=\"\" \/>\n<\/div>\n<label> Your Name (required)\n    <span class=\"wpcf7-form-control-wrap\" data-name=\"your-name\"><input size=\"40\" maxlength=\"400\" class=\"wpcf7-form-control wpcf7-text wpcf7-validates-as-required\" aria-required=\"true\" aria-invalid=\"false\" value=\"\" type=\"text\" name=\"your-name\" \/><\/span> <\/label>\n\n<label> Your Email (required)\n    <span class=\"wpcf7-form-control-wrap\" data-name=\"your-email\"><input size=\"40\" maxlength=\"400\" class=\"wpcf7-form-control wpcf7-email wpcf7-validates-as-required wpcf7-text wpcf7-validates-as-email\" aria-required=\"true\" aria-invalid=\"false\" value=\"\" type=\"email\" name=\"your-email\" \/><\/span> <\/label>\n\n<label> Subject\n    <span class=\"wpcf7-form-control-wrap\" data-name=\"your-subject\"><input size=\"40\" maxlength=\"400\" class=\"wpcf7-form-control wpcf7-text\" aria-invalid=\"false\" value=\"\" type=\"text\" name=\"your-subject\" \/><\/span> <\/label>\n\n<label> Your Message\n    <span class=\"wpcf7-form-control-wrap\" data-name=\"your-message\"><textarea cols=\"40\" rows=\"10\" maxlength=\"2000\" class=\"wpcf7-form-control wpcf7-textarea\" aria-invalid=\"false\" name=\"your-message\"><\/textarea><\/span> <\/label>\n\n<style type=\"text\/css\">.thegem-button-69f6b3f9dd8978474 .gem-button svg {fill: #eb5b27;}.thegem-button-69f6b3f9dd8978474 .gem-button:hover svg {fill: #fff;}<\/style><div class=\"gem-button-container gem-button-position-center thegem-button-69f6b3f9dd8978474\"  ><input class=\"gem-button gem-button-size-medium gem-button-style-outline gem-button-text-weight-normal gem-button-border-3 wpcf7-form-control wpcf7-submit has-spinner gem-button-wpcf-custom\" data-ll-effect=\"drop-right-without-wrap\" style=\"border-radius: 3px;border-color: #eb5b27;color: #eb5b27;\" onmouseleave=\"this.style.borderColor='#eb5b27';this.style.backgroundColor='transparent';this.style.color='#eb5b27';\" onmouseenter=\"this.style.backgroundColor='#eb5b27';this.style.color='#fff';\" id=\"\" tabindex=\"\" type=\"submit\" value=\"Send\" \/><\/div> <div class=\"wpcf7-response-output\" aria-hidden=\"true\"><\/div>\n<\/form>\n<\/div>\n<div class=\"clearboth\"><\/div><style>#thegem-divider-69f6b3f9dd8d5 {margin-top: 95px !important;}<\/style><div id=\"thegem-divider-69f6b3f9dd8d5\" class=\"gem-divider  \" style=\"\" ><\/div>[\/vc_column][\/vc_row][vc_row css_animation=&#8221;fadeIn&#8221; css=&#8221;.vc_custom_1543846513720{margin-bottom: 0px !important;}&#8221;][vc_column css=&#8221;.vc_custom_1461336118881{padding-top: 0px !important;}&#8221;]<div id=\"fullwidth-block-69f6b3f9ddb05\" class=\"fullwidth-block fullwidth-block-parallax-vertical clearfix\" data-mobile-parallax-enable=\"0\" style=\"padding-top: 90px;padding-bottom: 100px;\"><script type=\"text\/javascript\">if (typeof(gem_fix_fullwidth_position) == \"function\") { gem_fix_fullwidth_position(document.getElementById(\"fullwidth-block-69f6b3f9ddb05\")); }<\/script><div class=\"fullwidth-block-background\" style=\"background-image: url(https:\/\/workmotions.com\/wp-content\/uploads\/2018\/11\/3-3.jpg);background-repeat: no-repeat; background-size: cover;background-position: center top;\"><\/div><div class=\"fullwidth-block-inner\"><div class=\"container\">[vc_column_text css_animation=&#8221;bottom-to-top&#8221;]<\/p>\n<div class=\"title-h2\" style=\"text-align: center;\"><span style=\"color: #ffffff;\">F\u00d6LJ OSS I SOCIALA MEDIER<\/span><\/div>\n<p>[\/vc_column_text]<div class=\"clearboth\"><\/div><style>#thegem-divider-69f6b3f9ddb58 {margin-top: 30px !important;}<\/style><div id=\"thegem-divider-69f6b3f9ddb58\" class=\"gem-divider  \" style=\"\" ><\/div>[vc_column_text css_animation=&#8221;bottom-to-top&#8221;]<\/p>\n<p style=\"text-align: center;\"><span style=\"color: #ffffff;\">F\u00f6lj oss i sociala medier och f\u00e5 de senaste uppdateringarna fr\u00e5n v\u00e5rt team.<\/span><\/p>\n<p>[\/vc_column_text]<div class=\"clearboth\"><\/div><style>#thegem-divider-69f6b3f9ddb66 {margin-top: 70px !important;}<\/style><div id=\"thegem-divider-69f6b3f9ddb66\" class=\"gem-divider  \" style=\"\" ><\/div>[vc_row_inner disable_custom_paddings_tablet=&#8221;true&#8221; disable_custom_paddings_mobile=&#8221;true&#8221; css=&#8221;.vc_custom_1542979284121{padding-right: 200px !important;padding-left: 200px !important;}&#8221;][vc_column_inner width=&#8221;1\/6&#8243; css=&#8221;.vc_custom_1461415526409{padding-top: 20px !important;}&#8221; offset=&#8221;vc_col-xs-6&#8243;][\/vc_column_inner][vc_column_inner width=&#8221;1\/6&#8243; css=&#8221;.vc_custom_1461415532592{padding-top: 20px !important;}&#8221; offset=&#8221;vc_col-xs-6&#8243;][\/vc_column_inner][vc_column_inner width=&#8221;1\/6&#8243; css=&#8221;.vc_custom_1461415562106{padding-top: 20px !important;}&#8221; offset=&#8221;vc_col-xs-6&#8243;]<div class=\"socials socials-list socials-colored-hover socials-rounded socials-alignment-center\"><a class=\"socials-item\" target=\"_blank\" href=\"#\" style=\"color: #eb5b27;\"><i class=\"socials-item-icon linkedin\" style=\"font-size: 50px\"><\/i><\/a><\/div>[\/vc_column_inner][vc_column_inner width=&#8221;1\/6&#8243; css=&#8221;.vc_custom_1461415552954{padding-top: 20px !important;}&#8221; offset=&#8221;vc_col-xs-6&#8243;]<div class=\"socials socials-list socials-colored-hover socials-rounded socials-alignment-center\"><a class=\"socials-item\" target=\"_blank\" href=\"#\" style=\"color: #eb5b27;\"><i class=\"socials-item-icon facebook\" style=\"font-size: 50px\"><\/i><\/a><\/div>[\/vc_column_inner][vc_column_inner width=&#8221;1\/6&#8243; css=&#8221;.vc_custom_1461415567878{padding-top: 20px !important;}&#8221; offset=&#8221;vc_col-xs-6&#8243;][\/vc_column_inner][vc_column_inner width=&#8221;1\/6&#8243; css=&#8221;.vc_custom_1461415573360{padding-top: 20px !important;}&#8221; offset=&#8221;vc_col-xs-6&#8243;][\/vc_column_inner][\/vc_row_inner]<\/div><\/div><\/div>[\/vc_column][\/vc_row]<\/p>\n<\/div>","protected":false},"excerpt":{"rendered":"<p>[vc_row full_width=&#8221;stretch_row&#8221; css_animation=&#8221;bottom-to-top&#8221; css=&#8221;.vc_custom_1543844406325{margin-bottom: 0px !important;background-color: #f0f3f2 !important;}&#8221; el_id=&#8221;contact-us&#8221;][vc_column][vc_row_inner][vc_column_inner offset=&#8221;vc_hidden-xs&#8221;][\/vc_column_inner][\/vc_row_inner][vc_column_text css_animation=&#8221;bottom-to-top&#8221;] We look forward to your message! [\/vc_column_text][vc_row_inner][vc_column_inner offset=&#8221;vc_hidden-xs&#8221;][\/vc_column_inner][\/vc_row_inner][\/vc_column][\/vc_row][vc_row css_animation=&#8221;fadeIn&#8221;&#8230;<\/p>\n","protected":false},"author":1,"featured_media":0,"parent":0,"menu_order":0,"comment_status":"closed","ping_status":"closed","template":"","meta":{"footnotes":""},"class_list":["post-25413","page","type-page","status-publish"],"_links":{"self":[{"href":"https:\/\/workmotions.com\/en\/wp-json\/wp\/v2\/pages\/25413"}],"collection":[{"href":"https:\/\/workmotions.com\/en\/wp-json\/wp\/v2\/pages"}],"about":[{"href":"https:\/\/workmotions.com\/en\/wp-json\/wp\/v2\/types\/page"}],"author":[{"embeddable":true,"href":"https:\/\/workmotions.com\/en\/wp-json\/wp\/v2\/users\/1"}],"replies":[{"embeddable":true,"href":"https:\/\/workmotions.com\/en\/wp-json\/wp\/v2\/comments?post=25413"}],"version-history":[{"count":3,"href":"https:\/\/workmotions.com\/en\/wp-json\/wp\/v2\/pages\/25413\/revisions"}],"predecessor-version":[{"id":25583,"href":"https:\/\/workmotions.com\/en\/wp-json\/wp\/v2\/pages\/25413\/revisions\/25583"}],"wp:attachment":[{"href":"https:\/\/workmotions.com\/en\/wp-json\/wp\/v2\/media?parent=25413"}],"curies":[{"name":"wp","href":"https:\/\/api.w.org\/{rel}","templated":true}]}}